{"id":5359,"date":"2023-03-09T13:56:43","date_gmt":"2023-03-09T13:56:43","guid":{"rendered":"https:\/\/maksvzw.org\/activites-pour-enfants\/"},"modified":"2026-02-06T07:54:27","modified_gmt":"2026-02-06T07:54:27","slug":"activites-pour-enfants","status":"publish","type":"page","link":"https:\/\/maksvzw.org\/fr\/activites-pour-enfants\/","title":{"rendered":"Offres pour les \u00e9coles"},"content":{"rendered":"\n<h2 class=\"wp-block-heading alignwide has-oswald-font-family\">Ateliers num\u00e9riques : offre pour \u00e9coles<\/h2>\n\n<div style=\"height:34px\" aria-hidden=\"true\" class=\"wp-block-spacer\"><\/div>\n\n<div class=\"wp-block-media-text alignwide has-media-on-the-right is-stacked-on-mobile is-vertically-aligned-center is-image-fill has-background\" style=\"background-color:#bcbc1f;grid-template-columns:auto 55%\"><div class=\"wp-block-media-text__content\">\n<div class=\"wp-block-columns is-layout-flex wp-container-core-columns-is-layout-28f84493 wp-block-columns-is-layout-flex\">\n<div class=\"wp-block-column is-layout-flow wp-block-column-is-layout-flow\" style=\"flex-basis:100%\">\n<div class=\"wp-block-group has-global-padding is-layout-constrained wp-container-core-group-is-layout-dc2aeaf0 wp-block-group-is-layout-constrained\" style=\"padding-top:2em;padding-right:2em;padding-bottom:2em;padding-left:2em\">\n<p class=\"has-base-color has-text-color has-vt-323-font-family\" style=\"font-size:clamp(2.2em, 2.2rem + ((1vw - 0.2em) * 3.273), 4em);line-height:1\">Maks, en quelques lignes<\/p>\n\n\n\n<p class=\"has-base-color has-text-color\">En 1999, Maks est devenu pionnier de l\u2019inclusion digitale pour un public d\u2019adultes et de jeunes habitant la zone du canal de Bruxelles.<br\/>Par le biais de m\u00e9thodes innovantes, nous nous effor\u00e7ons de r\u00e9v\u00e9ler leurs talents et leurs comp\u00e9tences. Pour cela, nous avons d\u00e9velopp\u00e9 des m\u00e9thodologies et des outils in\u00e9dits, ax\u00e9s sur la connaissance digitale, et qui ont d\u00e9j\u00e0 \u00e9t\u00e9 r\u00e9compens\u00e9s \u00e0 plusieurs reprises.<\/p>\n<\/div>\n<\/div>\n<\/div>\n<\/div><figure class=\"wp-block-media-text__media\" style=\"background-image:url(https:\/\/maksvzw.org\/wp-content\/uploads\/2023\/07\/capital-digital1.jpg);background-position:50% 50%\"><img loading=\"lazy\" decoding=\"async\" width=\"900\" height=\"600\" src=\"https:\/\/maksvzw.org\/wp-content\/uploads\/2023\/07\/capital-digital1.jpg\" alt=\"\" class=\"wp-image-5910 size-full\" srcset=\"https:\/\/maksvzw.org\/wp-content\/uploads\/2023\/07\/capital-digital1.jpg 900w, https:\/\/maksvzw.org\/wp-content\/uploads\/2023\/07\/capital-digital1-280x187.jpg 280w, https:\/\/maksvzw.org\/wp-content\/uploads\/2023\/07\/capital-digital1-768x512.jpg 768w\" sizes=\"auto, (max-width: 900px) 100vw, 900px\" \/><\/figure><\/div>\n\n<div style=\"height:34px\" aria-hidden=\"true\" class=\"wp-block-spacer\"><\/div>\n\n<div class=\"wp-block-media-text alignwide is-stacked-on-mobile is-vertically-aligned-center is-image-fill has-base-background-color has-background\"><figure class=\"wp-block-media-text__media\" style=\"background-image:url(https:\/\/maksvzw.org\/wp-content\/uploads\/2023\/07\/shutterstock_309240449.jpg);background-position:50% 50%\"><img loading=\"lazy\" decoding=\"async\" width=\"800\" height=\"533\" src=\"https:\/\/maksvzw.org\/wp-content\/uploads\/2023\/07\/shutterstock_309240449.jpg\" alt=\"maks_jeunesse\" class=\"wp-image-5915 size-full\" srcset=\"https:\/\/maksvzw.org\/wp-content\/uploads\/2023\/07\/shutterstock_309240449.jpg 800w, https:\/\/maksvzw.org\/wp-content\/uploads\/2023\/07\/shutterstock_309240449-280x187.jpg 280w, https:\/\/maksvzw.org\/wp-content\/uploads\/2023\/07\/shutterstock_309240449-768x512.jpg 768w\" sizes=\"auto, (max-width: 800px) 100vw, 800px\" \/><\/figure><div class=\"wp-block-media-text__content\">\n<div class=\"wp-block-group is-vertical is-content-justification-center is-layout-flex wp-container-core-group-is-layout-6317b096 wp-block-group-is-layout-flex\" style=\"padding-top:2em;padding-right:2em;padding-bottom:2em;padding-left:2em\">\n<p class=\"has-vt-323-font-family\" style=\"font-size:clamp(1.743em, 1.743rem + ((1vw - 0.2em) * 2.285), 3em);line-height:1.2\">Collaboration avec les \u00e9coles<\/p>\n\n\n\n<p>Nous avons mis au point divers ateliers pour les jeunes de 10 \u00e0 18 ans, et plus sp\u00e9cialement pour les \u00e9coles, sur les th\u00e8mes de l\u2019apprentissage des comp\u00e9tences informatiques de base, des techniques vid\u00e9o ou du codage.<br\/>Mais nous abordons \u00e9galement l\u2019aspect sensibilisation avec, par exemple, des ateliers sur la cyberintimidation. Les ateliers durent au minimum une demi-journ\u00e9e et au maximum cinq jours.<\/p>\n\n\n\n<p><br\/>Vous pouvez choisir l\u2019une de nos formules standards, mais une offre sur mesure est \u00e9galement possible. En outre, nous proposons aussi des formations pour les enseignants.<br\/>Bon \u00e0 savoir : nos cours peuvent \u00eatre pay\u00e9s avec des ch\u00e8ques science.<\/p>\n<\/div>\n<\/div><\/div>\n\n<div style=\"height:34px\" aria-hidden=\"true\" class=\"wp-block-spacer\"><\/div>\n\n<div class=\"wp-block-group alignwide has-global-padding is-layout-constrained wp-block-group-is-layout-constrained\">\n<figure class=\"wp-block-gallery alignwide has-nested-images columns-default is-cropped wp-block-gallery-1 is-layout-flex wp-block-gallery-is-layout-flex\">\n<figure class=\"wp-block-image size-large\"><img loading=\"lazy\" decoding=\"async\" width=\"1024\" height=\"684\" data-id=\"5563\" src=\"https:\/\/maksvzw.org\/wp-content\/uploads\/2023\/04\/capital-digital-6-1024x684.jpg\" alt=\"\" class=\"wp-image-5563\" srcset=\"https:\/\/maksvzw.org\/wp-content\/uploads\/2023\/04\/capital-digital-6-1024x684.jpg 1024w, https:\/\/maksvzw.org\/wp-content\/uploads\/2023\/04\/capital-digital-6-280x187.jpg 280w, https:\/\/maksvzw.org\/wp-content\/uploads\/2023\/04\/capital-digital-6-768x513.jpg 768w, https:\/\/maksvzw.org\/wp-content\/uploads\/2023\/04\/capital-digital-6-1536x1025.jpg 1536w, https:\/\/maksvzw.org\/wp-content\/uploads\/2023\/04\/capital-digital-6-scaled.jpg 1920w\" sizes=\"auto, (max-width: 1024px) 100vw, 1024px\" \/><\/figure>\n\n\n\n<figure class=\"wp-block-image size-large\"><img loading=\"lazy\" decoding=\"async\" width=\"1024\" height=\"684\" data-id=\"5560\" src=\"https:\/\/maksvzw.org\/wp-content\/uploads\/2023\/04\/capital-digital-5-1024x684.jpg\" alt=\"\" class=\"wp-image-5560\" srcset=\"https:\/\/maksvzw.org\/wp-content\/uploads\/2023\/04\/capital-digital-5-1024x684.jpg 1024w, https:\/\/maksvzw.org\/wp-content\/uploads\/2023\/04\/capital-digital-5-280x187.jpg 280w, https:\/\/maksvzw.org\/wp-content\/uploads\/2023\/04\/capital-digital-5-768x513.jpg 768w, https:\/\/maksvzw.org\/wp-content\/uploads\/2023\/04\/capital-digital-5-1536x1025.jpg 1536w, https:\/\/maksvzw.org\/wp-content\/uploads\/2023\/04\/capital-digital-5-scaled.jpg 1920w\" sizes=\"auto, (max-width: 1024px) 100vw, 1024px\" \/><\/figure>\n\n\n\n<figure class=\"wp-block-image size-large\"><img loading=\"lazy\" decoding=\"async\" width=\"1024\" height=\"684\" data-id=\"5550\" src=\"https:\/\/maksvzw.org\/wp-content\/uploads\/2023\/04\/capital-digital-4-1024x684.jpg\" alt=\"\" class=\"wp-image-5550\" srcset=\"https:\/\/maksvzw.org\/wp-content\/uploads\/2023\/04\/capital-digital-4-1024x684.jpg 1024w, https:\/\/maksvzw.org\/wp-content\/uploads\/2023\/04\/capital-digital-4-280x187.jpg 280w, https:\/\/maksvzw.org\/wp-content\/uploads\/2023\/04\/capital-digital-4-768x513.jpg 768w, https:\/\/maksvzw.org\/wp-content\/uploads\/2023\/04\/capital-digital-4-1536x1025.jpg 1536w, https:\/\/maksvzw.org\/wp-content\/uploads\/2023\/04\/capital-digital-4-scaled.jpg 1920w\" sizes=\"auto, (max-width: 1024px) 100vw, 1024px\" \/><\/figure>\n\n\n\n<figure class=\"wp-block-image size-large\"><img loading=\"lazy\" decoding=\"async\" width=\"1024\" height=\"684\" data-id=\"5555\" src=\"https:\/\/maksvzw.org\/wp-content\/uploads\/2023\/04\/capital-digital-3-1024x684.jpg\" alt=\"\" class=\"wp-image-5555\" srcset=\"https:\/\/maksvzw.org\/wp-content\/uploads\/2023\/04\/capital-digital-3-1024x684.jpg 1024w, https:\/\/maksvzw.org\/wp-content\/uploads\/2023\/04\/capital-digital-3-280x187.jpg 280w, https:\/\/maksvzw.org\/wp-content\/uploads\/2023\/04\/capital-digital-3-768x513.jpg 768w, https:\/\/maksvzw.org\/wp-content\/uploads\/2023\/04\/capital-digital-3-1536x1025.jpg 1536w, https:\/\/maksvzw.org\/wp-content\/uploads\/2023\/04\/capital-digital-3-scaled.jpg 1920w\" sizes=\"auto, (max-width: 1024px) 100vw, 1024px\" \/><\/figure>\n\n\n\n<figure class=\"wp-block-image size-large\"><img loading=\"lazy\" decoding=\"async\" width=\"1024\" height=\"684\" data-id=\"5558\" src=\"https:\/\/maksvzw.org\/wp-content\/uploads\/2023\/04\/capital-digital-2-1024x684.jpg\" alt=\"\" class=\"wp-image-5558\" srcset=\"https:\/\/maksvzw.org\/wp-content\/uploads\/2023\/04\/capital-digital-2-1024x684.jpg 1024w, https:\/\/maksvzw.org\/wp-content\/uploads\/2023\/04\/capital-digital-2-280x187.jpg 280w, https:\/\/maksvzw.org\/wp-content\/uploads\/2023\/04\/capital-digital-2-768x513.jpg 768w, https:\/\/maksvzw.org\/wp-content\/uploads\/2023\/04\/capital-digital-2-1536x1025.jpg 1536w, https:\/\/maksvzw.org\/wp-content\/uploads\/2023\/04\/capital-digital-2-scaled.jpg 1920w\" sizes=\"auto, (max-width: 1024px) 100vw, 1024px\" \/><\/figure>\n\n\n\n<figure class=\"wp-block-image size-large\"><img loading=\"lazy\" decoding=\"async\" width=\"1024\" height=\"684\" data-id=\"5549\" src=\"https:\/\/maksvzw.org\/wp-content\/uploads\/2023\/04\/capital-digital-1-1024x684.jpg\" alt=\"\" class=\"wp-image-5549\" srcset=\"https:\/\/maksvzw.org\/wp-content\/uploads\/2023\/04\/capital-digital-1-1024x684.jpg 1024w, https:\/\/maksvzw.org\/wp-content\/uploads\/2023\/04\/capital-digital-1-280x187.jpg 280w, https:\/\/maksvzw.org\/wp-content\/uploads\/2023\/04\/capital-digital-1-768x513.jpg 768w, https:\/\/maksvzw.org\/wp-content\/uploads\/2023\/04\/capital-digital-1-1536x1025.jpg 1536w, https:\/\/maksvzw.org\/wp-content\/uploads\/2023\/04\/capital-digital-1-scaled.jpg 1920w\" sizes=\"auto, (max-width: 1024px) 100vw, 1024px\" \/><\/figure>\n<\/figure>\n<\/div>\n\n<hr class=\"wp-block-separator has-text-color has-alpha-channel-opacity has-background is-style-wide\" style=\"margin-top:var(--wp--preset--spacing--50);margin-bottom:var(--wp--preset--spacing--50);background-color:#d4196e;color:#d4196e\"\/>\n\n<div class=\"wp-block-group alignwide is-vertical is-layout-flex wp-container-core-group-is-layout-fe9cc265 wp-block-group-is-layout-flex\" style=\"border-style:none;border-width:0px\">\n<h2 class=\"wp-block-heading has-text-color has-vt-323-font-family\" style=\"color:#d4196e\">Notre offre<\/h2>\n\n\n\n<p>\n          <strong>CODE FIESTA<\/strong>\n          <br\/>\n        <\/p>\n\n\n\n<div class=\"wp-block-columns is-layout-flex wp-container-core-columns-is-layout-28f84493 wp-block-columns-is-layout-flex\">\n<div class=\"wp-block-column is-layout-flow wp-block-column-is-layout-flow\">\n<p><strong>QUOI ?<\/strong><br\/>Code Fiesta est une grande f\u00eate qui initie les jeunes aux robots, \u00e0 la programmation et \u00e0 la cr\u00e9ation de jeux.<\/p>\n\n\n\n<p><br\/><strong>COMMENT ?<\/strong><br\/>Une journ\u00e9e d\u2019initiation se compose de 4 blocs, avec 2 ateliers le matin et 2 l\u2019apr\u00e8s-midi. Les activit\u00e9s se d\u00e9roulent en rotation, c\u2019est-\u00e0-dire que les \u00e9l\u00e8ves des diff\u00e9rentes classes se relaient, tandis que les animateurs restent dans la salle de classe. Ainsi, jusqu\u2019\u00e0 x classes peuvent participer aux activit\u00e9s. Maks fournit tout le mat\u00e9riel informatique n\u00e9cessaire.<\/p>\n\n\n\n<p><br\/><strong>POUR QUI ?<\/strong><br\/>CodeFiesta a \u00e9t\u00e9 d\u00e9velopp\u00e9 pour les jeunes de la premi\u00e8re \u00e0 la troisi\u00e8me ann\u00e9e de l\u2019enseignement secondaire (12-16 ans). Le programme est adapt\u00e9 \u00e0 l\u2019enseignement secondaire professionnel, technique et g\u00e9n\u00e9ral.<\/p>\n<\/div>\n\n\n\n<div class=\"wp-block-column is-layout-flow wp-block-column-is-layout-flow\">\n<p><strong>L\u2019OBJECTIF ?<\/strong><br\/>Lors de cette journ\u00e9e d\u2019initiation, nous voulons inculquer aux jeunes les bases de la logique informatique,<br\/>\u00e0 l\u2019aide de divers logiciels. Nous voulons \u00e9galement stimuler leur conscience digitale.<\/p>\n\n\n\n<p><br\/><strong>QUAND ?<\/strong><br\/>Les jours d\u2019\u00e9cole, de 9 heures \u00e0 16 ou 17 heures.<br\/>Les dates exactes seront convenues pr\u00e9alablement par l\u2019\u00e9cole et Maks.<\/p>\n\n\n\n<figure class=\"wp-block-image size-full\"><img decoding=\"async\" src=\"http:\/\/localhost:8888\/capital\/wp-content\/uploads\/2023\/07\/capital2.jpg\" alt=\"\" class=\"wp-image-2696\"\/><\/figure>\n<\/div>\n<\/div>\n<\/div>\n\n<hr class=\"wp-block-separator has-text-color has-contrast-color has-alpha-channel-opacity has-contrast-background-color has-background is-style-wide\" style=\"margin-top:var(--wp--preset--spacing--50);margin-bottom:var(--wp--preset--spacing--50)\"\/>\n\n<div class=\"wp-block-group alignwide is-vertical is-layout-flex wp-container-core-group-is-layout-fe9cc265 wp-block-group-is-layout-flex\" style=\"border-style:none;border-width:0px\">\n<h2 class=\"wp-block-heading has-contrast-color has-text-color has-vt-323-font-family\">Bien-\u00eatre mental : cyberintimidation et protection de la vie priv\u00e9e sur internet<\/h2>\n\n\n\n<div class=\"wp-block-columns is-layout-flex wp-container-core-columns-is-layout-28f84493 wp-block-columns-is-layout-flex\">\n<div class=\"wp-block-column is-layout-flow wp-block-column-is-layout-flow\">\n<p><strong>QUOI ?<\/strong><br\/>Maks propose \u00e9galement aux \u00e9l\u00e8ves des \u00e9coles primaires et secondaires un large choix d\u2019ateliers sur le codage, les m\u00e9dias et le cin\u00e9ma, l\u2019Internet des objets et l\u2019\u00e9lectronique. Ces sessions incluent par exemple le travail sur \u00e9cran vert, les projets vid\u00e9o avec stop motion, une introduction \u00e0 la r\u00e9alit\u00e9 virtuelle, la robotique, l\u2019apprentissage de la programmation avec mBot ou Lego Mindstorm, et bien d\u2019autres choses encore.<\/p>\n\n\n\n<p><br\/><strong>COMMENT ?<\/strong><br\/>Les ateliers durent une demi-journ\u00e9e ou une journ\u00e9e enti\u00e8re, selon le sujet choisi. Une session de pr\u00e9formation pour les enseignants peut \u00eatre organis\u00e9e.<\/p>\n\n\n\n<p><br\/><strong>POUR QUI ?<\/strong><br\/>Les ateliers sont de difficult\u00e9 variable et s\u2019adressent aux \u00e9l\u00e8ves des cinqui\u00e8me et sixi\u00e8me ann\u00e9es de l\u2019enseignement primaire et des premi\u00e8re et deuxi\u00e8me ann\u00e9es de l\u2019enseignement secondaire. Les ateliers sont adapt\u00e9s \u00e0 l\u2019enseignement secondaire professionnel, technique et g\u00e9n\u00e9ral.<\/p>\n<\/div>\n\n\n\n<div class=\"wp-block-column has-global-padding is-layout-constrained wp-block-column-is-layout-constrained\">\n<p><br\/><strong>L\u2019OBJECTIF ?<\/strong>Enseigner aux jeunes de mani\u00e8re ludique, la pens\u00e9e computationnelle et le codage.<\/p>\n\n\n\n<p><br\/><strong>QUAND ?<\/strong><br\/>Pendant les jours d\u2019\u00e9cole, de 9 \u00e0 16 ou 17 heures. <br\/>Les ateliers durent une demi-journ\u00e9e ou une journ\u00e9e enti\u00e8re.<\/p>\n\n\n\n<figure class=\"wp-block-image size-full is-resized\"><img loading=\"lazy\" decoding=\"async\" src=\"https:\/\/maksvzw.org\/wp-content\/uploads\/2023\/07\/cyber.png\" alt=\"\" class=\"wp-image-5921\" width=\"183\" height=\"248\" srcset=\"https:\/\/maksvzw.org\/wp-content\/uploads\/2023\/07\/cyber.png 456w, https:\/\/maksvzw.org\/wp-content\/uploads\/2023\/07\/cyber-206x280.png 206w\" sizes=\"auto, (max-width: 183px) 100vw, 183px\" \/><\/figure>\n<\/div>\n<\/div>\n<\/div>\n\n<hr class=\"wp-block-separator has-text-color has-alpha-channel-opacity has-background is-style-wide\" style=\"margin-top:var(--wp--preset--spacing--50);margin-bottom:var(--wp--preset--spacing--50);background-color:#bebd00;color:#bebd00\"\/>\n\n<div class=\"wp-block-group alignwide is-vertical is-layout-flex wp-container-core-group-is-layout-fe9cc265 wp-block-group-is-layout-flex\" style=\"border-style:none;border-width:0px\">\n<h2 class=\"wp-block-heading has-text-color has-vt-323-font-family\" style=\"color:#bebd00\">Cyberintimidation<\/h2>\n\n\n\n<div class=\"wp-block-columns is-layout-flex wp-container-core-columns-is-layout-28f84493 wp-block-columns-is-layout-flex\">\n<div class=\"wp-block-column is-layout-flow wp-block-column-is-layout-flow\">\n<p><strong>QUOI ?<\/strong><br\/>Bien-\u00eatre mental : cyberintimidation et protection de la vie priv\u00e9e sur internet La cyberintimidation est un sujet tr\u00e8s personnel et parfois d\u00e9licat. Les jeunes ont donc besoin de temps pour s\u2019ouvrir et partager leur histoire personnelle. Leur bien-\u00eatre psychologique est primordial, c\u2019est pourquoi nous construisons le processus lentement.<\/p>\n\n\n\n<p><br\/><strong>COMMENT ?<\/strong><br\/>Dans les ateliers sur la cyberintimidation, nous sensibilisons les jeunes, qu\u2019ils soient auteurs ou victimes, aux cons\u00e9quences de la cyberintimidation. Cette sensibilisation a lieu par le biais de vid\u00e9os, de discussions de groupe et d\u2019un quiz. Nous guidons ensuite les jeunes dans le partage de leurs histoires personnelles via le r\u00e9cit digital. La session se termine par un moment spectacle o\u00f9 les jeunes partagent leurs histoires personnelles, parfois surprenantes et \u00e9mouvantes, par voie digitale.<\/p>\n\n\n\n<p>\n          <br\/>\n          <strong>POUR QUI ?<\/strong>\n          <br\/>\n        <\/p>\n\n\n\n<p>L\u2019atelier sur la cyberintimidation s\u2019adresse aux jeunes de la premi\u00e8re ann\u00e9e de l\u2019enseignement secondaire (12-14 ans).<\/p>\n<\/div>\n\n\n\n<div class=\"wp-block-column has-global-padding is-layout-constrained wp-block-column-is-layout-constrained\">\n<p><br\/><strong>L\u2019OBJECTIF ? <\/strong>L\u2019objectif est double. D\u2019une part, nous voulons sensibiliser les jeunes, qu\u2019ils soient auteurs ou victimes, \u00e0 la cyberintimidation et \u00e0 ses cons\u00e9quences. D\u2019autre part, nous voulons leur apprendre \u00e0 prot\u00e9ger leurs donn\u00e9es personnelles et leur vie priv\u00e9e sur Internet. Outre la sensibilisation, les ateliers cr\u00e9ent \u00e9galement une solidarit\u00e9 entre les \u00e9l\u00e8ves.<\/p>\n\n\n\n<p><br\/><strong>QUAND ?<\/strong><br\/>Id\u00e9alement, l\u2019atelier sur la cyberintimidation devrait se d\u00e9rouler sur quatre jours entiers : par exemple, lundi, mardi, jeudi et vendredi, de 9 heures \u00e0 16 heures ou 17 heures. Des journ\u00e9es plus courtes ou r\u00e9parties sur plusieurs semaines sont \u00e9galement possibles. Le calendrier est d\u00e9termin\u00e9 au pr\u00e9alable par l\u2019\u00e9cole et Maks.<\/p>\n\n\n\n<figure class=\"wp-block-image size-full is-resized\"><img decoding=\"async\" src=\"https:\/\/maksvzw.org\/wp-content\/uploads\/2023\/07\/4949144maks.png\" alt=\"\" class=\"wp-image-5924\" width=\"-92\" height=\"-73\" srcset=\"https:\/\/maksvzw.org\/wp-content\/uploads\/2023\/07\/4949144maks.png 708w, https:\/\/maksvzw.org\/wp-content\/uploads\/2023\/07\/4949144maks-280x223.png 280w\" sizes=\"(max-width: 708px) 100vw, 708px\" \/><\/figure>\n<\/div>\n<\/div>\n<\/div>\n\n<hr class=\"wp-block-separator has-text-color has-contrast-color has-alpha-channel-opacity has-contrast-background-color has-background is-style-wide\" style=\"margin-top:var(--wp--preset--spacing--60);margin-bottom:var(--wp--preset--spacing--60)\"\/>\n\n<div class=\"wp-block-columns alignwide has-text-color has-background is-layout-flex wp-container-core-columns-is-layout-28f84493 wp-block-columns-is-layout-flex\" style=\"color:#000000;background-color:#ffffff\">\n<div class=\"wp-block-column has-global-padding is-content-justification-center is-layout-constrained wp-block-column-is-layout-constrained\">\n<h3 class=\"wp-block-heading has-text-align-center has-contrast-color has-text-color\" style=\"font-size:clamp(15.747px, 0.984rem + ((1vw - 3.2px) * 0.938), 24px);line-height:1.3\">\n          <strong>EN SAVOIR PLUS ?\u2197<\/strong>\n        <\/h3>\n\n\n\n<p class=\"has-text-align-center\">Pour plus d\u2019info sur nos ateliers, <br\/>envoyez un mail \u00e0 <strong>info@maksvzw.org<\/strong> <br\/>ou t\u00e9l\u00e9phonez au num\u00e9ro <strong>02 555 09 90.<\/strong><\/p>\n<\/div>\n\n\n\n<div class=\"wp-block-column is-layout-flow wp-block-column-is-layout-flow\">\n<h3 class=\"wp-block-heading has-text-align-center has-contrast-color has-text-color\" style=\"font-size:clamp(15.747px, 0.984rem + ((1vw - 3.2px) * 0.938), 24px);line-height:1.3\">\n          <strong>CH\u00c8QUES SCIENCE \u2197<\/strong>\n        <\/h3>\n\n\n\n<p class=\"has-text-align-center\">Nos ateliers peuvent \u00eatre pay\u00e9s avec des Ch\u00e8ques science d\u2019Innoviris. <br\/>Nous nous ferons un plaisir de vous aider \u00e0 remplir votre demande. <br\/>Via onderstaande links vindt u een vooraf ingevuld aanvraagformulier.<\/p>\n<\/div>\n<\/div>\n","protected":false},"excerpt":{"rendered":"<p>Ateliers num\u00e9riques : offre pour \u00e9coles Notre offre CODE FIESTA QUOI ?Code Fiesta est une grande f\u00eate qui initie les jeunes aux robots, \u00e0 la programmation et \u00e0 la cr\u00e9ation de jeux. COMMENT ?Une journ\u00e9e d\u2019initiation se compose de 4 blocs, avec 2 ateliers le matin et 2 l\u2019apr\u00e8s-midi. Les activit\u00e9s se d\u00e9roulent en rotation, [&hellip;]<\/p>\n","protected":false},"author":3,"featured_media":0,"parent":0,"menu_order":0,"comment_status":"closed","ping_status":"closed","template":"","meta":{"_acf_changed":false,"_seopress_robots_primary_cat":"","_seopress_titles_title":"","_seopress_titles_desc":"","_seopress_robots_index":"","iawp_total_views":203,"footnotes":""},"class_list":["post-5359","page","type-page","status-publish","hentry"],"mb":[],"acf":[],"mfb_rest_fields":["title"],"_links":{"self":[{"href":"https:\/\/maksvzw.org\/fr\/wp-json\/wp\/v2\/pages\/5359","targetHints":{"allow":["GET"]}}],"collection":[{"href":"https:\/\/maksvzw.org\/fr\/wp-json\/wp\/v2\/pages"}],"about":[{"href":"https:\/\/maksvzw.org\/fr\/wp-json\/wp\/v2\/types\/page"}],"author":[{"embeddable":true,"href":"https:\/\/maksvzw.org\/fr\/wp-json\/wp\/v2\/users\/3"}],"replies":[{"embeddable":true,"href":"https:\/\/maksvzw.org\/fr\/wp-json\/wp\/v2\/comments?post=5359"}],"version-history":[{"count":4,"href":"https:\/\/maksvzw.org\/fr\/wp-json\/wp\/v2\/pages\/5359\/revisions"}],"predecessor-version":[{"id":8931,"href":"https:\/\/maksvzw.org\/fr\/wp-json\/wp\/v2\/pages\/5359\/revisions\/8931"}],"wp:attachment":[{"href":"https:\/\/maksvzw.org\/fr\/wp-json\/wp\/v2\/media?parent=5359"}],"curies":[{"name":"wp","href":"https:\/\/api.w.org\/{rel}","templated":true}]}}