{"id":5446,"date":"2023-03-09T13:58:12","date_gmt":"2023-03-09T13:58:12","guid":{"rendered":"https:\/\/maksvzw.org\/open-atelier\/"},"modified":"2026-04-03T12:59:56","modified_gmt":"2026-04-03T12:59:56","slug":"open-atelier","status":"publish","type":"page","link":"https:\/\/maksvzw.org\/fr\/open-atelier\/","title":{"rendered":"Open Atelier"},"content":{"rendered":"\n<div class=\"wp-block-media-text alignwide is-stacked-on-mobile is-vertically-aligned-center has-custom-green-maks-background-color has-background\" style=\"grid-template-columns:51% auto\"><figure class=\"wp-block-media-text__media\"><img loading=\"lazy\" decoding=\"async\" width=\"1024\" height=\"576\" src=\"https:\/\/maksvzw.org\/wp-content\/uploads\/2024\/09\/Rue_Georges_Moreau_36_EPN-1024x576.jpg\" alt=\"Espace public num\u00e9rique (EPN) - Openbare computerruimte (OCR) - Maks vzw\" class=\"wp-image-7113 size-full\" srcset=\"https:\/\/maksvzw.org\/wp-content\/uploads\/2024\/09\/Rue_Georges_Moreau_36_EPN-1024x576.jpg 1024w, https:\/\/maksvzw.org\/wp-content\/uploads\/2024\/09\/Rue_Georges_Moreau_36_EPN-280x157.jpg 280w, https:\/\/maksvzw.org\/wp-content\/uploads\/2024\/09\/Rue_Georges_Moreau_36_EPN-768x432.jpg 768w, https:\/\/maksvzw.org\/wp-content\/uploads\/2024\/09\/Rue_Georges_Moreau_36_EPN.jpg 1300w\" sizes=\"auto, (max-width: 1024px) 100vw, 1024px\" \/><\/figure><div class=\"wp-block-media-text__content\">\n<div class=\"wp-block-group is-layout-flow wp-block-group-is-layout-flow\" style=\"padding-top:2em;padding-right:2em;padding-bottom:2em;padding-left:2em\">\n<p class=\"has-base-color has-text-color\" style=\"font-size:clamp(26.944px, 1.684rem + ((1vw - 3.2px) * 2.165), 46px);line-height:1.2\"><strong>Espaces publics num\u00e9riques<\/strong><\/p>\n\n\n\n<p class=\"has-base-color has-text-color has-extra-small-font-size\">La R\u00e9gion de Bruxelles-Capitale a mis en place en 2019 un label \u00ab\u00a0EPN reconnu par la R\u00e9gion de Bruxelles-Capitale\u00a0\u00bb. Ce label est un gage de qualit\u00e9 et de reconnaissance pour les EPN qui remplissent certains crit\u00e8res : nombre d&rsquo;heures d&rsquo;ouverture, nombre d&rsquo;heures de formation, pr\u00e9sence d&rsquo;un animateur qualifi\u00e9, mat\u00e9riel ad\u00e9quat. Ces EPN labellis\u00e9s sont ouverts au grand public. Ce label est un gage de qualit\u00e9 et de reconnaissance des ROC qui r\u00e9pondent \u00e0 certains crit\u00e8res : nombre d&rsquo;heures d&rsquo;ouverture, nombre d&rsquo;heures de formation, pr\u00e9sence d&rsquo;un animateur qualifi\u00e9, \u00e9quipement ad\u00e9quat.<\/p>\n<\/div>\n<\/div><\/div>\n\n<div class=\"wp-block-group alignwide has-text-color has-background is-layout-flow wp-block-group-is-layout-flow\" style=\"color:#000000;background-color:#ffffff\">\n<h2 class=\"wp-block-heading has-text-align-center\" id=\"schedule-a-visit\" style=\"font-size:clamp(32.969px, 2.061rem + ((1vw - 3.2px) * 2.958), 59px);px;line-height:1.15\"><strong>Contactez-nous et planifiez votre visite Maks vzw propose gratuitement des ordinateurs, l&rsquo;internet et des formations.  <\/strong><\/h2>\n\n\n\n<div style=\"height:29px;width:0px\" aria-hidden=\"true\" class=\"wp-block-spacer\"><\/div>\n<\/div>\n\n<div class=\"wp-block-group alignfull has-global-padding is-layout-constrained wp-container-core-group-is-layout-19e250f3 wp-block-group-is-layout-constrained\">\n<div class=\"wp-block-columns alignwide is-layout-flex wp-container-core-columns-is-layout-28f84493 wp-block-columns-is-layout-flex\">\n<div class=\"wp-block-column is-layout-flow wp-block-column-is-layout-flow\" style=\"flex-basis:100%\">\n<div class=\"wp-block-group alignwide has-global-padding is-content-justification-center is-layout-constrained wp-container-core-group-is-layout-ebb2c90d wp-block-group-is-layout-constrained\">\n<div class=\"wp-block-columns alignwide is-layout-flex wp-container-core-columns-is-layout-28f84493 wp-block-columns-is-layout-flex\">\n<div class=\"wp-block-column is-layout-flow wp-block-column-is-layout-flow\" style=\"flex-basis:100%\">\n<div class=\"wp-block-group alignfull has-base-background-color has-background is-layout-flow wp-container-core-group-is-layout-a6835790 wp-block-group-is-layout-flow\" style=\"min-height:0px;padding-top:4.1rem;padding-right:0rem;padding-bottom:4.1rem;padding-left:0rem\">\n<div class=\"wp-block-columns alignfull is-layout-flex wp-container-core-columns-is-layout-28f84493 wp-block-columns-is-layout-flex\">\n<div class=\"wp-block-column has-border-color has-custom-green-maks-border-color has-black-color has-white-background-color has-text-color has-background has-link-color wp-elements-41bade0e0d398c0e9e8e1475d450d2d4 is-layout-flow wp-block-column-is-layout-flow\" style=\"border-width:2px;border-radius:0px;padding-top:0;padding-right:0rem;padding-bottom:var(--wp--preset--spacing--30);padding-left:0rem;box-shadow:none\">\n<iframe src=\"https:\/\/www.google.com\/maps\/embed?pb=!1m18!1m12!1m3!1d2519.504391421528!2d4.3287598770787294!3d50.840343371669285!2m3!1f0!2f0!3f0!3m2!1i1024!2i768!4f13.1!3m3!1m2!1s0x47c3c4737d8fd1ed%3A0xb5e730bf272e118e!2sCosmos%20-%20Excelsior!5e0!3m2!1sen!2sbe!4v1767951980356!5m2!1sen!2sbe\" width=\"100%\" height=\"250\" style=\"border:0;\" allowfullscreen=\"\" loading=\"lazy\" referrerpolicy=\"no-referrer-when-downgrade\"><\/iframe>\n\n\n\n<p class=\"has-text-align-center\">Rue Jorez 21 <br\/>1070 Anderlecht<\/p>\n\n\n\n<p class=\"has-text-align-center\">02 555 09 90<\/p>\n\n\n\n<div class=\"wp-block-buttons is-vertical is-content-justification-center is-layout-flex wp-container-core-buttons-is-layout-734eb2c2 wp-block-buttons-is-layout-flex\">\n<div class=\"wp-block-button\"><a class=\"wp-block-button__link has-base-color has-custom-rose-maks-background-color has-text-color has-background has-link-color wp-element-button\">Lundi au Jeudi<br\/>16h00 18h00<\/a><\/div>\n<\/div>\n<\/div>\n\n\n\n<div class=\"wp-block-column has-border-color has-custom-green-maks-border-color has-black-color has-white-background-color has-text-color has-background has-link-color wp-elements-0eab96c096771862f68ab9f781138363 is-layout-flow wp-block-column-is-layout-flow\" style=\"border-width:2px;border-radius:0px;padding-top:0;padding-right:0rem;padding-bottom:var(--wp--preset--spacing--30);padding-left:0rem;box-shadow:none\">\n<iframe src=\"https:\/\/www.google.com\/maps\/embed?pb=!1m18!1m12!1m3!1d2519.439493293575!2d4.332307057823194!3d50.84154529884496!2m3!1f0!2f0!3f0!3m2!1i1024!2i768!4f13.1!3m3!1m2!1s0x47c3c413d21df551%3A0x221bbff8300cbc8a!2sMAKS%20vzw!5e0!3m2!1sfr!2sbe!4v1745929109527!5m2!1sfr!2sbe\" width=\"100%\" height=\"250\" style=\"border:0;\" allowfullscreen=\"\" loading=\"lazy\" referrerpolicy=\"no-referrer-when-downgrade\"><\/iframe>\n\n\n\n<p class=\"has-text-align-center\">Rue Brogniez 54<br\/>1070 Anderlecht<\/p>\n\n\n\n<p class=\"has-text-align-center\">  02 555 09 90<\/p>\n\n\n\n<div class=\"wp-block-buttons is-vertical is-content-justification-center is-layout-flex wp-container-core-buttons-is-layout-734eb2c2 wp-block-buttons-is-layout-flex\">\n<div class=\"wp-block-button\"><a class=\"wp-block-button__link has-base-color has-custom-rose-maks-background-color has-text-color has-background has-link-color wp-element-button\">Lundi au Vendredi<br\/>9h00 \u00e0 16h30<\/a><\/div>\n<\/div>\n<\/div>\n\n\n\n<div class=\"wp-block-column has-border-color has-custom-green-maks-border-color has-black-color has-white-background-color has-text-color has-background has-link-color wp-elements-64315d3740b9af5d083f78bc0bb00e3f is-layout-flow wp-block-column-is-layout-flow\" style=\"border-width:2px;border-radius:0px;padding-top:0;padding-right:0rem;padding-bottom:var(--wp--preset--spacing--30);padding-left:0rem;box-shadow:none\">\n<iframe src=\"https:\/\/www.google.com\/maps\/embed?pb=!1m18!1m12!1m3!1d5037.791031527315!2d4.324028712687405!3d50.85161907155343!2m3!1f0!2f0!3f0!3m2!1i1024!2i768!4f13.1!3m3!1m2!1s0x47c3c3f68a4ff84b%3A0x664f9c5acefb2a46!2sRue%20Jean-Baptiste%20Decock%2050%2C%201080%20Molenbeek-Saint-Jean!5e0!3m2!1sfr!2sbe!4v1745930727634!5m2!1sfr!2sbe\" width=\"100%\" height=\"250\" style=\"border:0;\" allowfullscreen=\"\" loading=\"lazy\" referrerpolicy=\"no-referrer-when-downgrade\"><\/iframe>\n\n\n\n<p class=\"has-text-align-center\">Jean-Baptiste DeCockstraat 50<br\/>1080 Molenbeek Saint Jean<\/p>\n\n\n\n<p class=\"has-text-align-center\">  02 555 09 90<\/p>\n\n\n\n<div class=\"wp-block-buttons is-vertical is-content-justification-center is-layout-flex wp-container-core-buttons-is-layout-734eb2c2 wp-block-buttons-is-layout-flex\">\n<div class=\"wp-block-button\"><a class=\"wp-block-button__link has-base-color has-custom-rose-maks-background-color has-text-color has-background has-link-color wp-element-button\">Lundi, mardi,<br\/>jeudi, vendredi<br\/>9h00 \u00e0 12.h00<\/a><\/div>\n<\/div>\n<\/div>\n<\/div>\n<\/div>\n<\/div>\n<\/div>\n<\/div>\n<\/div>\n<\/div>\n<\/div>\n","protected":false},"excerpt":{"rendered":"<p>Contactez-nous et planifiez votre visite Maks vzw propose gratuitement des ordinateurs, l&rsquo;internet et des formations. Rue Jorez 21 1070 Anderlecht 02 555 09 90 Rue Brogniez 541070 Anderlecht 02 555 09 90 Jean-Baptiste DeCockstraat 501080 Molenbeek Saint Jean 02 555 09 90<\/p>\n","protected":false},"author":3,"featured_media":0,"parent":0,"menu_order":0,"comment_status":"closed","ping_status":"closed","template":"","meta":{"_acf_changed":false,"_seopress_robots_primary_cat":"","_seopress_titles_title":"Maks vzw propose gratuitement des ordinateurs, l'internet et des formations.","_seopress_titles_desc":"Salles informatiques publiques. R\u00e9gion de Bruxelles-Capitale le label \u00ab salle informatique publique reconnue par la R\u00e9gion de Bruxelles-Capitale \u00bb. ","_seopress_robots_index":"","iawp_total_views":518,"footnotes":""},"class_list":["post-5446","page","type-page","status-publish","hentry"],"mb":[],"acf":[],"mfb_rest_fields":["title"],"_links":{"self":[{"href":"https:\/\/maksvzw.org\/fr\/wp-json\/wp\/v2\/pages\/5446","targetHints":{"allow":["GET"]}}],"collection":[{"href":"https:\/\/maksvzw.org\/fr\/wp-json\/wp\/v2\/pages"}],"about":[{"href":"https:\/\/maksvzw.org\/fr\/wp-json\/wp\/v2\/types\/page"}],"author":[{"embeddable":true,"href":"https:\/\/maksvzw.org\/fr\/wp-json\/wp\/v2\/users\/3"}],"replies":[{"embeddable":true,"href":"https:\/\/maksvzw.org\/fr\/wp-json\/wp\/v2\/comments?post=5446"}],"version-history":[{"count":2,"href":"https:\/\/maksvzw.org\/fr\/wp-json\/wp\/v2\/pages\/5446\/revisions"}],"predecessor-version":[{"id":8955,"href":"https:\/\/maksvzw.org\/fr\/wp-json\/wp\/v2\/pages\/5446\/revisions\/8955"}],"wp:attachment":[{"href":"https:\/\/maksvzw.org\/fr\/wp-json\/wp\/v2\/media?parent=5446"}],"curies":[{"name":"wp","href":"https:\/\/api.w.org\/{rel}","templated":true}]}}