{"id":5587,"date":"2022-12-14T09:49:04","date_gmt":"2022-12-14T09:49:04","guid":{"rendered":"https:\/\/maksvzw.org\/orientation-des-parcours\/"},"modified":"2025-01-16T14:59:36","modified_gmt":"2025-01-16T14:59:36","slug":"orientation-de-parcours","status":"publish","type":"page","link":"https:\/\/maksvzw.org\/fr\/orientation-de-parcours\/","title":{"rendered":"Orientation de parcours"},"content":{"rendered":"\n<div class=\"wp-block-media-text alignwide has-media-on-the-right is-stacked-on-mobile is-vertically-aligned-center is-style-default\" style=\"grid-template-columns:auto 48%\"><div class=\"wp-block-media-text__content\">\n<h2 class=\"wp-block-heading has-text-color has-oswald-font-family\" style=\"color:#000000;font-size:clamp(1.25em, 1.25rem + ((1vw - 0.2em) * 1.364), 2em);\">\n          <strong>L&rsquo;ASBL MAKS PROPOSE DES CONTRATS DE TRANSITION PROFESSIONNELLE DANS L&rsquo;\u00c9CONOMIE SOCIALE<\/strong>\n        <\/h2>\n\n\n\n<p class=\"has-contrast-color has-text-color\" style=\"font-size:clamp(0.875em, 0.875rem + ((1vw - 0.2em) * 0.409), 1.1em);line-height:1.4\">BSD &#8211; Alfa to work : Le projet vise \u00e0 <strong>soutenir les adultes faiblement alphab\u00e9tis\u00e9s et vuln\u00e9rables <\/strong>\u00e0 Bruxelles gr\u00e2ce \u00e0 une approche int\u00e9gr\u00e9e combinant l&rsquo;alphab\u00e9tisation et l&rsquo;orientation socioprofessionnelle. La coop\u00e9ration avec le CBE Brusselleer est cruciale pour la partie n\u00e9erlandophone du projet.<\/p>\n\n\n\n<p class=\"has-contrast-color has-text-color has-link-color wp-elements-5060a0443410c4c8f5d72da17d17ebd9\" style=\"font-size:clamp(0.875em, 0.875rem + ((1vw - 0.2em) * 0.409), 1.1em);line-height:1.4\">Les ateliers sont pr\u00e9par\u00e9s et dispens\u00e9s conjointement pendant les heures de cours, en combinant l&rsquo;expertise de Brusselleer en mati\u00e8re d&rsquo;alphab\u00e9tisation et l&rsquo;exp\u00e9rience de MAKS vzw dans le domaine de l&rsquo;orientation vers le travail et la formation.<\/p>\n<\/div><figure class=\"wp-block-media-text__media\"><img loading=\"lazy\" decoding=\"async\" width=\"1024\" height=\"768\" src=\"https:\/\/maksvzw.org\/wp-content\/uploads\/2024\/03\/kuregem-1024x768.jpg\" alt=\"\" class=\"wp-image-6539 size-full\" srcset=\"https:\/\/maksvzw.org\/wp-content\/uploads\/2024\/03\/kuregem-1024x768.jpg 1024w, https:\/\/maksvzw.org\/wp-content\/uploads\/2024\/03\/kuregem-280x210.jpg 280w, https:\/\/maksvzw.org\/wp-content\/uploads\/2024\/03\/kuregem-768x576.jpg 768w, https:\/\/maksvzw.org\/wp-content\/uploads\/2024\/03\/kuregem-1536x1152.jpg 1536w, https:\/\/maksvzw.org\/wp-content\/uploads\/2024\/03\/kuregem.jpg 1920w\" sizes=\"auto, (max-width: 1024px) 100vw, 1024px\" \/><\/figure><\/div>\n\n<div style=\"height:42px\" aria-hidden=\"true\" class=\"wp-block-spacer\"><\/div>\n\n<div class=\"wp-block-media-text alignwide is-stacked-on-mobile is-vertically-aligned-center\" style=\"border-style:none;border-width:0em;margin-right:0;margin-left:0;padding-top:0;padding-right:0;padding-bottom:0;padding-left:0;grid-template-columns:20% auto\"><figure class=\"wp-block-media-text__media\"><img loading=\"lazy\" decoding=\"async\" width=\"768\" height=\"1024\" src=\"https:\/\/maksvzw.org\/wp-content\/uploads\/2024\/03\/traject-maks-768x1024.jpg\" alt=\"\" class=\"wp-image-6551 size-full\" srcset=\"https:\/\/maksvzw.org\/wp-content\/uploads\/2024\/03\/traject-maks-768x1024.jpg 768w, https:\/\/maksvzw.org\/wp-content\/uploads\/2024\/03\/traject-maks-210x280.jpg 210w, https:\/\/maksvzw.org\/wp-content\/uploads\/2024\/03\/traject-maks.jpg 900w\" sizes=\"auto, (max-width: 768px) 100vw, 768px\" \/><\/figure><div class=\"wp-block-media-text__content\">\n<p style=\"font-size:clamp(0.875em, 0.875rem + ((1vw - 0.2em) * 0.409), 1.1em);line-height:1.4\">Les r\u00e9sultats sont probants. Le projet aborde \u00e9galement des questions p\u00e9riph\u00e9riques, telles que l&rsquo;aide administrative, les probl\u00e8mes m\u00e9dicaux, les questions juridiques et le logement. <\/p>\n\n\n\n<p style=\"font-size:clamp(0.875em, 0.875rem + ((1vw - 0.2em) * 0.409), 1.1em);line-height:1.4\">Ce parcours int\u00e9gr\u00e9, dans lequel <strong>l&rsquo;inclusion socioprofessionnelle et le soutien social <\/strong>se conjuguent, offre aux clients un large \u00e9ventail d&rsquo;aides et augmente leurs chances de r\u00e9ussite.<\/p>\n<\/div><\/div>\n","protected":false},"excerpt":{"rendered":"<p>L&rsquo;ASBL MAKS PROPOSE DES CONTRATS DE TRANSITION PROFESSIONNELLE DANS L&rsquo;\u00c9CONOMIE SOCIALE BSD &#8211; Alfa to work : Le projet vise \u00e0 soutenir les adultes faiblement alphab\u00e9tis\u00e9s et vuln\u00e9rables \u00e0 Bruxelles gr\u00e2ce \u00e0 une approche int\u00e9gr\u00e9e combinant l&rsquo;alphab\u00e9tisation et l&rsquo;orientation socioprofessionnelle. La coop\u00e9ration avec le CBE Brusselleer est cruciale pour la partie n\u00e9erlandophone du projet. Les [&hellip;]<\/p>\n","protected":false},"author":1,"featured_media":0,"parent":0,"menu_order":0,"comment_status":"closed","ping_status":"closed","template":"","meta":{"_acf_changed":false,"_seopress_robots_primary_cat":"","_seopress_titles_title":"","_seopress_titles_desc":"","_seopress_robots_index":"","iawp_total_views":630,"footnotes":""},"class_list":["post-5587","page","type-page","status-publish","hentry"],"mb":[],"acf":[],"mfb_rest_fields":["title"],"_links":{"self":[{"href":"https:\/\/maksvzw.org\/fr\/wp-json\/wp\/v2\/pages\/5587","targetHints":{"allow":["GET"]}}],"collection":[{"href":"https:\/\/maksvzw.org\/fr\/wp-json\/wp\/v2\/pages"}],"about":[{"href":"https:\/\/maksvzw.org\/fr\/wp-json\/wp\/v2\/types\/page"}],"author":[{"embeddable":true,"href":"https:\/\/maksvzw.org\/fr\/wp-json\/wp\/v2\/users\/1"}],"replies":[{"embeddable":true,"href":"https:\/\/maksvzw.org\/fr\/wp-json\/wp\/v2\/comments?post=5587"}],"version-history":[{"count":0,"href":"https:\/\/maksvzw.org\/fr\/wp-json\/wp\/v2\/pages\/5587\/revisions"}],"wp:attachment":[{"href":"https:\/\/maksvzw.org\/fr\/wp-json\/wp\/v2\/media?parent=5587"}],"curies":[{"name":"wp","href":"https:\/\/api.w.org\/{rel}","templated":true}]}}