{"id":6222,"date":"2024-02-14T14:08:27","date_gmt":"2024-02-14T14:08:27","guid":{"rendered":"https:\/\/maksvzw.org\/stage-pour-enfants\/"},"modified":"2026-02-03T10:31:22","modified_gmt":"2026-02-03T10:31:22","slug":"stage-pour-enfants","status":"publish","type":"page","link":"https:\/\/maksvzw.org\/fr\/stage-pour-enfants\/","title":{"rendered":"Stage pour enfants"},"content":{"rendered":"\n<h2 class=\"wp-block-heading alignwide has-text-align-center has-oswald-font-family\">Stage pour enfants 2026<\/h2>\n\n<div style=\"height:34px\" aria-hidden=\"true\" class=\"wp-block-spacer\"><\/div>\n\n<div class=\"wp-block-group has-global-padding is-layout-constrained wp-block-group-is-layout-constrained\">\n<p class=\"has-text-align-center has-custom-rose-maks-color has-text-color has-link-color wp-elements-ba3dcc13a07dad1d85c5e23577657d79\" style=\"font-size:clamp(1.119em, 1.119rem + ((1vw - 0.2em) * 1.147), 1.75em);\">Met dank aan VGC en VLAIO<\/p>\n\n\n\n<div class=\"wp-block-columns is-layout-flex wp-container-core-columns-is-layout-28f84493 wp-block-columns-is-layout-flex\">\n<div class=\"wp-block-column is-layout-flow wp-block-column-is-layout-flow\">\n<figure class=\"wp-block-image aligncenter size-large is-resized\"><img loading=\"lazy\" decoding=\"async\" width=\"1024\" height=\"503\" src=\"https:\/\/maksvzw.org\/wp-content\/uploads\/2026\/01\/Logo-Jong-in-Brussel_kleur-1024x503.png\" alt=\"\" class=\"wp-image-8871\" style=\"aspect-ratio:2.034859768657899;width:126px;height:auto\" srcset=\"https:\/\/maksvzw.org\/wp-content\/uploads\/2026\/01\/Logo-Jong-in-Brussel_kleur-1024x503.png 1024w, https:\/\/maksvzw.org\/wp-content\/uploads\/2026\/01\/Logo-Jong-in-Brussel_kleur-280x138.png 280w, https:\/\/maksvzw.org\/wp-content\/uploads\/2026\/01\/Logo-Jong-in-Brussel_kleur-768x377.png 768w, https:\/\/maksvzw.org\/wp-content\/uploads\/2026\/01\/Logo-Jong-in-Brussel_kleur-1536x755.png 1536w, https:\/\/maksvzw.org\/wp-content\/uploads\/2026\/01\/Logo-Jong-in-Brussel_kleur-2048x1007.png 2048w\" sizes=\"auto, (max-width: 1024px) 100vw, 1024px\" \/><\/figure>\n<\/div>\n\n\n\n<div class=\"wp-block-column is-layout-flow wp-block-column-is-layout-flow\">\n<figure class=\"wp-block-image aligncenter size-full is-resized\"><img loading=\"lazy\" decoding=\"async\" width=\"1015\" height=\"514\" src=\"https:\/\/maksvzw.org\/wp-content\/uploads\/2022\/12\/vgc_logo_n_horizontaal_administratieblauw_pos-01.jpg\" alt=\"VGC\" class=\"wp-image-6901\" style=\"aspect-ratio:1.9747808703675227;width:133px;height:auto\" srcset=\"https:\/\/maksvzw.org\/wp-content\/uploads\/2022\/12\/vgc_logo_n_horizontaal_administratieblauw_pos-01.jpg 1015w, https:\/\/maksvzw.org\/wp-content\/uploads\/2022\/12\/vgc_logo_n_horizontaal_administratieblauw_pos-01-280x142.jpg 280w, https:\/\/maksvzw.org\/wp-content\/uploads\/2022\/12\/vgc_logo_n_horizontaal_administratieblauw_pos-01-768x389.jpg 768w\" sizes=\"auto, (max-width: 1015px) 100vw, 1015px\" \/><\/figure>\n<\/div>\n\n\n\n<div class=\"wp-block-column is-layout-flow wp-block-column-is-layout-flow\">\n<figure class=\"wp-block-image aligncenter size-full is-resized\"><img loading=\"lazy\" decoding=\"async\" width=\"911\" height=\"355\" src=\"https:\/\/maksvzw.org\/wp-content\/uploads\/2026\/01\/VLAIO_sponsorlogo_vol.png\" alt=\"\" class=\"wp-image-8870\" style=\"aspect-ratio:2.566546762589928;width:158px;height:auto\" srcset=\"https:\/\/maksvzw.org\/wp-content\/uploads\/2026\/01\/VLAIO_sponsorlogo_vol.png 911w, https:\/\/maksvzw.org\/wp-content\/uploads\/2026\/01\/VLAIO_sponsorlogo_vol-280x109.png 280w, https:\/\/maksvzw.org\/wp-content\/uploads\/2026\/01\/VLAIO_sponsorlogo_vol-768x299.png 768w\" sizes=\"auto, (max-width: 911px) 100vw, 911px\" \/><\/figure>\n<\/div>\n<\/div>\n<\/div>\n\n<div class=\"wp-block-group alignwide has-global-padding is-layout-constrained wp-block-group-is-layout-constrained\">\n<div class=\"wp-block-media-text alignfull is-stacked-on-mobile is-vertically-aligned-center\" style=\"grid-template-columns:34% auto\"><figure class=\"wp-block-media-text__media\"><img loading=\"lazy\" decoding=\"async\" width=\"768\" height=\"1024\" src=\"https:\/\/maksvzw.org\/wp-content\/uploads\/2024\/02\/capital-digital-Maks-768x1024.png\" alt=\"\" class=\"wp-image-6184 size-full\" srcset=\"https:\/\/maksvzw.org\/wp-content\/uploads\/2024\/02\/capital-digital-Maks-768x1024.png 768w, https:\/\/maksvzw.org\/wp-content\/uploads\/2024\/02\/capital-digital-Maks-210x280.png 210w, https:\/\/maksvzw.org\/wp-content\/uploads\/2024\/02\/capital-digital-Maks.png 800w\" sizes=\"auto, (max-width: 768px) 100vw, 768px\" \/><\/figure><div class=\"wp-block-media-text__content\">\n<h3 class=\"wp-block-heading has-text-align-center has-custom-green-maks-color has-text-color\" style=\"font-size:clamp(0.929em, 0.929rem + ((1vw - 0.2em) * 0.856), 1.4em);font-style:normal;font-weight:600;text-transform:uppercase\"><strong>Capital Digital<\/strong> est une \u00e9cole de codage pour les enfants \u00e2g\u00e9s <strong>de 7 \u00e0 12 ans <\/strong>dans la R\u00e9gion de Bruxelles-Capitale, pendant les vacances scolaires de 2026<\/h3>\n<\/div><\/div>\n\n\n\n<div class=\"wp-block-media-text alignwide has-media-on-the-right is-stacked-on-mobile is-vertically-aligned-center has-custom-rose-maks-background-color has-background\" style=\"grid-template-columns:auto 51%\"><div class=\"wp-block-media-text__content\">\n<div class=\"wp-block-group is-layout-flow wp-block-group-is-layout-flow\" style=\"padding-top:2em;padding-right:2em;padding-bottom:2em;padding-left:2em\">\n<p class=\"has-base-color has-text-color has-link-color wp-elements-63338237df656e871fca128e54d30549\" style=\"font-size:clamp(22.041px, 1.378rem + ((1vw - 3.2px) * 1.586), 36px);line-height:1.2\"><strong>Vous voulez apprendre \u00e0 programmer vos propres jeux vid\u00e9o, animations, applications et robots ? <\/strong><\/p>\n\n\n\n<p class=\"has-base-color has-text-color has-link-color wp-elements-a80626441035393983ae6bcc4b7cd5ef\">Notre offre :<br\/>Scratch &#8211; Micro:Bit &#8211; VR &#8211; Lightbot &#8211; Dash Robot&#8230;<\/p>\n\n\n\n<p class=\"has-base-color has-text-color has-link-color wp-elements-c7301eb9be82bed11d3e45ef50e9c801\">Participez \u00e0 l&rsquo;un ou \u00e0 l&rsquo;ensemble des stages de <br\/>Digital Capital ! <\/p>\n\n\n\n<p class=\"has-base-color has-text-color has-link-color wp-elements-87eabf282f5f65ce9ec1572ca429d725\">Chaque cours a un nouveau th\u00e8me<br\/>et un nouveau programme.<\/p>\n<\/div>\n<\/div><figure class=\"wp-block-media-text__media\"><img loading=\"lazy\" decoding=\"async\" width=\"1024\" height=\"664\" src=\"https:\/\/maksvzw.org\/wp-content\/uploads\/2024\/02\/capital-digital-stages-1024x664.png\" alt=\"\" class=\"wp-image-6192 size-full\" srcset=\"https:\/\/maksvzw.org\/wp-content\/uploads\/2024\/02\/capital-digital-stages-1024x664.png 1024w, https:\/\/maksvzw.org\/wp-content\/uploads\/2024\/02\/capital-digital-stages-280x182.png 280w, https:\/\/maksvzw.org\/wp-content\/uploads\/2024\/02\/capital-digital-stages-768x498.png 768w, https:\/\/maksvzw.org\/wp-content\/uploads\/2024\/02\/capital-digital-stages-1536x996.png 1536w, https:\/\/maksvzw.org\/wp-content\/uploads\/2024\/02\/capital-digital-stages.png 2000w\" sizes=\"auto, (max-width: 1024px) 100vw, 1024px\" \/><\/figure><\/div>\n<\/div>\n\n<p class=\"has-text-align-center has-custom-green-maks-color has-text-color has-link-color has-x-large-font-size wp-elements-74662e1e95b11de73e6bedb0f057d3ac\"><strong>Stages francophones 2026<\/strong><\/p>\n\n<div class=\"wp-block-group alignwide has-global-padding is-layout-constrained wp-block-group-is-layout-constrained\">\n<div class=\"wp-block-columns alignwide is-layout-flex wp-container-core-columns-is-layout-28f84493 wp-block-columns-is-layout-flex\">\n<div class=\"wp-block-column is-layout-flow wp-block-column-is-layout-flow\" style=\"flex-basis:50%\">\n<p class=\"has-custom-rose-maks-color has-text-color has-link-color has-large-font-size wp-elements-16833fceae9bf58592832b32fc80d6fb\"><\/p>\n\n\n\n<p class=\"has-custom-rose-maks-color has-text-color has-link-color has-large-font-size wp-elements-16833fceae9bf58592832b32fc80d6fb\"><\/p>\n<\/div>\n<\/div>\n\n\n\n<figure class=\"wp-block-table alignwide is-style-stripes\" style=\"margin-top:var(--wp--preset--spacing--30);margin-right:0;margin-bottom:var(--wp--preset--spacing--30);margin-left:0\"><table class=\"has-contrast-color has-text-color has-link-color has-fixed-layout\" style=\"border-width:9px\"><tbody><tr><td><br\/>Cong\u00e9 de d\u00e9tente (Carnaval)<\/td><td><br\/>16\/02 &#8211; 20\/02<\/td><\/tr><tr><td><br\/>Vacances de printemps (P\u00e2ques)<\/td><td><br\/>06\/04 &#8211; 10\/04<\/td><\/tr><tr><td><br\/>Vacances d&rsquo;\u00e9t\u00e9 1<\/td><td><br\/>06\/07 &#8211; 10\/07<\/td><\/tr><tr><td><br\/>Vacances d&rsquo;\u00e9t\u00e9 2<\/td><td><br\/>24\/08 &#8211; 28\/08<\/td><\/tr><tr><td><br\/>Cong\u00e9 d&rsquo;automne (Toussaint)<\/td><td><br\/>02\/11 &#8211; 06\/11<\/td><\/tr><\/tbody><\/table><\/figure>\n<\/div>\n\n<div style=\"height:100px\" aria-hidden=\"true\" class=\"wp-block-spacer\"><\/div>\n\n<div class=\"wp-block-media-text alignwide is-stacked-on-mobile is-vertically-aligned-center has-base-background-color has-background\" style=\"grid-template-columns:22% auto\"><figure class=\"wp-block-media-text__media\"><img loading=\"lazy\" decoding=\"async\" width=\"305\" height=\"348\" src=\"https:\/\/maksvzw.org\/wp-content\/uploads\/2024\/02\/robot.png\" alt=\"\" class=\"wp-image-6201 size-full\" srcset=\"https:\/\/maksvzw.org\/wp-content\/uploads\/2024\/02\/robot.png 305w, https:\/\/maksvzw.org\/wp-content\/uploads\/2024\/02\/robot-245x280.png 245w\" sizes=\"auto, (max-width: 305px) 100vw, 305px\" \/><\/figure><div class=\"wp-block-media-text__content\">\n<div class=\"wp-block-group has-border-color has-custom-green-maks-border-color has-global-padding is-layout-constrained wp-container-core-group-is-layout-e269a103 wp-block-group-is-layout-constrained\" style=\"border-width:2px;padding-top:1em;padding-right:1em;padding-bottom:1em;padding-left:1em\">\n<p style=\"font-size:clamp(22.041px, 1.378rem + ((1vw - 3.2px) * 1.586), 36px);line-height:1.2\"><\/p>\n\n\n\n<p class=\"has-custom-rose-maks-color has-text-color has-link-color has-large-font-size wp-elements-8cdcf1b8dc886055b86b131687784d7f\">Le prix du stage<\/p>\n\n\n\n<p class=\"has-custom-rose-maks-color has-text-color has-link-color wp-elements-2ce6d4390c5ced0ca718207ea1ca4597\" style=\"font-size:clamp(1.743rem, 1.743rem + ((1vw - 0.2rem) * 2.285), 3rem);\"><strong>25 \u20ac<\/strong><\/p>\n\n\n\n<p>8.30 &#8211; 17 heures <\/p>\n\n\n\n<p>Anderlecht &#8211; Molenbeek &#8211; Schaerbeek<\/p>\n\n\n\n<p>Inscription : <\/p>\n\n\n\n<p>Rue Brogniez 54<\/p>\n\n\n\n<p>1070 Anderlecht<br\/>02 555 09 90<\/p>\n\n\n\n<p>info@maksvzw.org<\/p>\n<\/div>\n<\/div><\/div>\n","protected":false},"excerpt":{"rendered":"<p>Stage pour enfants 2026 Met dank aan VGC en VLAIO Capital Digital est une \u00e9cole de codage pour les enfants \u00e2g\u00e9s de 7 \u00e0 12 ans dans la R\u00e9gion de Bruxelles-Capitale, pendant les vacances scolaires de 2026 Vous voulez apprendre \u00e0 programmer vos propres jeux vid\u00e9o, animations, applications et robots ? Notre offre :Scratch &#8211; [&hellip;]<\/p>\n","protected":false},"author":4,"featured_media":0,"parent":0,"menu_order":0,"comment_status":"closed","ping_status":"closed","template":"","meta":{"_acf_changed":false,"_seopress_robots_primary_cat":"","_seopress_titles_title":"Stages de vacances pour enfants \u00e0 Anderlecht - ASBL Maks","_seopress_titles_desc":"Calendrier des stages de vacances \u00e0 Anderlecht et Molenbeek 2025.","_seopress_robots_index":"","iawp_total_views":2210,"footnotes":""},"class_list":["post-6222","page","type-page","status-publish","hentry"],"mb":[],"acf":[],"mfb_rest_fields":["title"],"_links":{"self":[{"href":"https:\/\/maksvzw.org\/fr\/wp-json\/wp\/v2\/pages\/6222","targetHints":{"allow":["GET"]}}],"collection":[{"href":"https:\/\/maksvzw.org\/fr\/wp-json\/wp\/v2\/pages"}],"about":[{"href":"https:\/\/maksvzw.org\/fr\/wp-json\/wp\/v2\/types\/page"}],"author":[{"embeddable":true,"href":"https:\/\/maksvzw.org\/fr\/wp-json\/wp\/v2\/users\/4"}],"replies":[{"embeddable":true,"href":"https:\/\/maksvzw.org\/fr\/wp-json\/wp\/v2\/comments?post=6222"}],"version-history":[{"count":8,"href":"https:\/\/maksvzw.org\/fr\/wp-json\/wp\/v2\/pages\/6222\/revisions"}],"predecessor-version":[{"id":8914,"href":"https:\/\/maksvzw.org\/fr\/wp-json\/wp\/v2\/pages\/6222\/revisions\/8914"}],"wp:attachment":[{"href":"https:\/\/maksvzw.org\/fr\/wp-json\/wp\/v2\/media?parent=6222"}],"curies":[{"name":"wp","href":"https:\/\/api.w.org\/{rel}","templated":true}]}}