{"id":6316,"date":"2024-02-16T15:26:37","date_gmt":"2024-02-16T15:26:37","guid":{"rendered":"https:\/\/maksvzw.org\/roms-doms\/"},"modified":"2025-07-07T13:49:21","modified_gmt":"2025-07-07T13:49:21","slug":"roms-doms","status":"publish","type":"page","link":"https:\/\/maksvzw.org\/fr\/roms-doms\/","title":{"rendered":"Roms &#8211; Doms"},"content":{"rendered":"\n<h3 class=\"wp-block-heading has-text-align-left has-text-color has-oswald-font-family\" style=\"color:#000000;font-size:clamp(1.743rem, 1.743rem + ((1vw - 0.2rem) * 2.285), 3rem);\">Roms &#8211; Doms<\/h3>\n\n\n\n<div class=\"wp-block-media-text alignwide is-stacked-on-mobile is-vertically-aligned-center\"><figure class=\"wp-block-media-text__media\"><img loading=\"lazy\" decoding=\"async\" width=\"900\" height=\"600\" src=\"https:\/\/maksvzw.org\/wp-content\/uploads\/2024\/02\/Drapeau-Rom.jpg\" alt=\"\" class=\"wp-image-6286 size-full\" srcset=\"https:\/\/maksvzw.org\/wp-content\/uploads\/2024\/02\/Drapeau-Rom.jpg 900w, https:\/\/maksvzw.org\/wp-content\/uploads\/2024\/02\/Drapeau-Rom-280x187.jpg 280w, https:\/\/maksvzw.org\/wp-content\/uploads\/2024\/02\/Drapeau-Rom-768x512.jpg 768w\" sizes=\"auto, (max-width: 900px) 100vw, 900px\" \/><\/figure><div class=\"wp-block-media-text__content\">\n<p style=\"font-size:clamp(0.929rem, 0.929rem + ((1vw - 0.2rem) * 0.856), 1.4rem);\">RODES JEKH THAN TE KERES BUTI ?<\/p>\n\n\n\n<p style=\"font-size:clamp(0.929rem, 0.929rem + ((1vw - 0.2rem) * 0.856), 1.4rem);\"> CAUTI UN LOC DE MUNCA ?<\/p>\n\n\n\n<p style=\"font-size:clamp(0.929rem, 0.929rem + ((1vw - 0.2rem) * 0.856), 1.4rem);\">CHERCHEZ-VOUS DU TRAVAIL ?<\/p>\n\n\n\n<p style=\"font-size:clamp(0.929rem, 0.929rem + ((1vw - 0.2rem) * 0.856), 1.4rem);\">VOUS \u00caTES \u00c0 LA RECHERCHE D&rsquo;UN EMPLOI ?<\/p>\n<\/div><\/div>\n\n\n\n<div style=\"height:100px\" aria-hidden=\"true\" class=\"wp-block-spacer\"><\/div>\n\n\n\n<div class=\"wp-block-group alignwide has-border-color has-custom-green-maks-border-color has-text-color has-background has-global-padding is-layout-constrained wp-container-core-group-is-layout-7a3688e9 wp-block-group-is-layout-constrained\" style=\"border-width:1px;color:#000000;background-color:#ffffff\">\n<div style=\"height:40px\" aria-hidden=\"true\" class=\"wp-block-spacer\"><\/div>\n\n\n\n<h2 class=\"wp-block-heading has-text-align-center has-x-large-font-size\"><strong>Avec le soutien financier de l&rsquo;UE<\/strong><\/h2>\n\n\n\n<div style=\"height:42px\" aria-hidden=\"true\" class=\"wp-block-spacer\"><\/div>\n\n\n\n<div class=\"wp-block-columns wp-container-content-9cfa9a5a is-layout-flex wp-container-core-columns-is-layout-55d85d04 wp-block-columns-is-layout-flex\" style=\"margin-top:8px;margin-bottom:8px;padding-right:0;padding-left:0;font-size:clamp(25.5px, 1.594rem + ((1vw - 3.2px) * 1.989), 43px);\">\n<div class=\"wp-block-column is-layout-flow wp-block-column-is-layout-flow\">\n<figure class=\"wp-block-image size-large\"><img loading=\"lazy\" decoding=\"async\" width=\"1024\" height=\"228\" src=\"https:\/\/maksvzw.org\/wp-content\/uploads\/2025\/05\/EN_Co-fundedbytheEU_RGB_POS-1024x228.png\" alt=\"\" class=\"wp-image-7746\" srcset=\"https:\/\/maksvzw.org\/wp-content\/uploads\/2025\/05\/EN_Co-fundedbytheEU_RGB_POS-1024x228.png 1024w, https:\/\/maksvzw.org\/wp-content\/uploads\/2025\/05\/EN_Co-fundedbytheEU_RGB_POS-280x62.png 280w, https:\/\/maksvzw.org\/wp-content\/uploads\/2025\/05\/EN_Co-fundedbytheEU_RGB_POS-768x171.png 768w, https:\/\/maksvzw.org\/wp-content\/uploads\/2025\/05\/EN_Co-fundedbytheEU_RGB_POS-1536x343.png 1536w, https:\/\/maksvzw.org\/wp-content\/uploads\/2025\/05\/EN_Co-fundedbytheEU_RGB_POS-2048x457.png 2048w\" sizes=\"auto, (max-width: 1024px) 100vw, 1024px\" \/><\/figure>\n<\/div>\n\n\n\n<div class=\"wp-block-column is-layout-flow wp-block-column-is-layout-flow\">\n<figure class=\"wp-block-image size-large\" style=\"margin-top:0;margin-bottom:0\"><img loading=\"lazy\" decoding=\"async\" width=\"1024\" height=\"158\" src=\"https:\/\/maksvzw.org\/wp-content\/uploads\/2025\/04\/Combilogo_bleke-achtergrond-1024x158.png\" alt=\"\" class=\"wp-image-7614\" srcset=\"https:\/\/maksvzw.org\/wp-content\/uploads\/2025\/04\/Combilogo_bleke-achtergrond-1024x158.png 1024w, https:\/\/maksvzw.org\/wp-content\/uploads\/2025\/04\/Combilogo_bleke-achtergrond-280x43.png 280w, https:\/\/maksvzw.org\/wp-content\/uploads\/2025\/04\/Combilogo_bleke-achtergrond-768x118.png 768w, https:\/\/maksvzw.org\/wp-content\/uploads\/2025\/04\/Combilogo_bleke-achtergrond.png 1200w\" sizes=\"auto, (max-width: 1024px) 100vw, 1024px\" \/><\/figure>\n<\/div>\n<\/div>\n\n\n\n<div style=\"height:30px\" aria-hidden=\"true\" class=\"wp-block-spacer\"><\/div>\n\n\n\n<div class=\"wp-block-columns wp-container-content-9cfa9a5a is-layout-flex wp-container-core-columns-is-layout-170cc678 wp-block-columns-is-layout-flex\" style=\"margin-top:0px;margin-bottom:0px;padding-right:0;padding-left:0;font-size:clamp(25.5px, 1.594rem + ((1vw - 3.2px) * 1.989), 43px);\">\n<div class=\"wp-block-column is-layout-flow wp-block-column-is-layout-flow\" style=\"padding-top:0;padding-bottom:0\">\n<p class=\"has-medium-font-size\">Num\u00e9ro du projet : <strong>1168<\/strong><br>Nom du projet : <strong>Rom werkt<\/strong><br>Dur\u00e9e : <strong>01\/2024 &#8211; 12\/2025<\/strong><br>Budget total 2024 : <strong>275.800,27<\/strong><br>ESF : <strong>110.320,11<\/strong><br>VCF : <strong>82.740,08<\/strong><br>VDAB : <strong>82.740,08<\/strong><\/p>\n<\/div>\n\n\n\n<div class=\"wp-block-column is-layout-flow wp-block-column-is-layout-flow\">\n<p class=\"has-medium-font-size\"><strong>Rom<\/strong><br>Total: <strong>143<\/strong><br>Suivent un cours : <strong>15<\/strong><br>Ont trouv\u00e9 un travail : <strong>40<\/strong><\/p>\n<\/div>\n\n\n\n<div class=\"wp-block-column is-layout-flow wp-block-column-is-layout-flow\">\n<p class=\"has-medium-font-size\"><strong>Doms syriens<\/strong><br>Total: <strong>91<\/strong><br>Suivent un cours : <strong>28<\/strong><br>Ont trouv\u00e9 un travail : <strong>5<\/strong><\/p>\n<\/div>\n<\/div>\n\n\n\n<div style=\"height:0px;width:0px\" aria-hidden=\"true\" class=\"wp-block-spacer\"><\/div>\n\n\n\n<div style=\"height:40px\" aria-hidden=\"true\" class=\"wp-block-spacer\"><\/div>\n<\/div>\n\n\n\n<div class=\"wp-block-columns is-layout-flex wp-container-core-columns-is-layout-28f84493 wp-block-columns-is-layout-flex\">\n<div class=\"wp-block-column is-layout-flow wp-block-column-is-layout-flow\"><\/div>\n\n\n\n<div class=\"wp-block-column is-layout-flow wp-block-column-is-layout-flow\"><\/div>\n<\/div>\n\n\n\n<div class=\"wp-block-group alignwide has-border-color has-custom-green-maks-border-color has-text-color has-background is-layout-flow wp-block-group-is-layout-flow\" style=\"border-width:1px;color:#000000;background-color:#ffffff\">\n<div style=\"height:64px\" aria-hidden=\"true\" class=\"wp-block-spacer\"><\/div>\n\n\n\n<h2 class=\"wp-block-heading has-text-align-center has-custom-green-maks-color has-text-color has-link-color wp-elements-f77c316798dbc730821ae6b9f62b255f\" id=\"schedule-a-visit\" style=\"margin-top:0;margin-right:var(--wp--preset--spacing--70);margin-bottom:0;margin-left:var(--wp--preset--spacing--70);font-size:clamp(20px, 1.25rem + ((1vw - 3.2px) * 1.364), 32px);line-height:1.15\"><strong>Le projet ROMS s&rsquo;adresse aux Roms d&rsquo;origine roumaine et aux Doms syriens au ch\u00f4mage \u00e0 Bruxelles.<\/strong><\/h2>\n\n\n\n<p style=\"margin-right:var(--wp--preset--spacing--70);margin-left:var(--wp--preset--spacing--70)\"><br>Par le biais d&rsquo;une orientation, d&rsquo;une formation linguistique et professionnelle et d&rsquo;un soutien \u00e0 l&rsquo;int\u00e9gration sociale, le projet les aide \u00e0 prendre des mesures durables en faveur de l&#8217;emploi et de la participation sociale. L&rsquo;approche est personnalis\u00e9e, sensible \u00e0 la culture et vise \u00e0 rompre avec la pauvret\u00e9, l&rsquo;exclusion et l&rsquo;\u00e9ducation. <\/p>\n\n\n\n<div style=\"height:64px\" aria-hidden=\"true\" class=\"wp-block-spacer\"><\/div>\n<\/div>\n\n\n\n<div class=\"wp-block-media-text alignwide has-media-on-the-right is-stacked-on-mobile is-vertically-aligned-center has-base-background-color has-background\"><div class=\"wp-block-media-text__content\">\n<div class=\"wp-block-group is-layout-flow wp-block-group-is-layout-flow\" style=\"padding-top:2em;padding-right:2em;padding-bottom:2em;padding-left:2em\">\n<p class=\"has-oswald-font-family\" style=\"font-size:clamp(1.743em, 1.743rem + ((1vw - 0.2em) * 2.285), 3em);line-height:1.2\">VOUS \u00caTES \u00c0 LA RECHERCHE D&rsquo;UN EMPLOI ?<\/p>\n\n\n\n<p>Vous avez du mal \u00e0 cr\u00e9er votre CV<br>et votre lettre de motivation ?<br>Vous voulez apprendre \u00e0 lire et \u00e0 \u00e9crire en n\u00e9erlandais ou en fran\u00e7ais ?<br>travailler avec un ordinateur ?<br>Alors venez chez Maks, nous vous aiderons !<\/p>\n<\/div>\n<\/div><figure class=\"wp-block-media-text__media\"><img loading=\"lazy\" decoding=\"async\" width=\"900\" height=\"576\" src=\"https:\/\/maksvzw.org\/wp-content\/uploads\/2024\/02\/roms.png\" alt=\"\" class=\"wp-image-6272 size-full\" srcset=\"https:\/\/maksvzw.org\/wp-content\/uploads\/2024\/02\/roms.png 900w, https:\/\/maksvzw.org\/wp-content\/uploads\/2024\/02\/roms-280x179.png 280w, https:\/\/maksvzw.org\/wp-content\/uploads\/2024\/02\/roms-768x492.png 768w\" sizes=\"auto, (max-width: 900px) 100vw, 900px\" \/><\/figure><\/div>\n\n\n\n<div class=\"wp-block-group alignwide has-border-color has-custom-green-maks-border-color is-vertical is-content-justification-center is-layout-flex wp-container-core-group-is-layout-1c40b3a6 wp-block-group-is-layout-flex\" style=\"border-width:2px;padding-top:1em;padding-right:1em;padding-bottom:1em;padding-left:1em\">\n<div class=\"wp-block-columns are-vertically-aligned-bottom is-layout-flex wp-container-core-columns-is-layout-28f84493 wp-block-columns-is-layout-flex\">\n<div class=\"wp-block-column is-vertically-aligned-bottom is-layout-flow wp-block-column-is-layout-flow\" style=\"flex-basis:100%\">\n<p>8.30 &#8211; 16.30 <\/p>\n\n\n\n<p>Rue Brogniez 54<\/p>\n\n\n\n<p>1070 Anderlecht<br>02 555 09 90<\/p>\n\n\n\n<p>info@maksvzw.org<\/p>\n<\/div>\n<\/div>\n\n\n\n<p class=\"has-custom-rose-maks-color has-text-color has-link-color has-oswald-font-family has-large-font-size wp-elements-8f1ce74428b50499b5dad42859e17182\">GRATUIT !!!<\/p>\n<\/div>\n","protected":false},"excerpt":{"rendered":"<p>Roms &#8211; Doms RODES JEKH THAN TE KERES BUTI ? CAUTI UN LOC DE MUNCA ? CHERCHEZ-VOUS DU TRAVAIL ? VOUS \u00caTES \u00c0 LA RECHERCHE D&rsquo;UN EMPLOI ? Avec le soutien financier de l&rsquo;UE Num\u00e9ro du projet : 1168Nom du projet : Rom werktDur\u00e9e : 01\/2024 &#8211; 12\/2025Budget total 2024 : 275.800,27ESF : 110.320,11VCF : [&hellip;]<\/p>\n","protected":false},"author":4,"featured_media":0,"parent":0,"menu_order":0,"comment_status":"closed","ping_status":"closed","template":"","meta":{"_acf_changed":false,"_seopress_robots_primary_cat":"","_seopress_titles_title":"","_seopress_titles_desc":"","_seopress_robots_index":"","iawp_total_views":307,"footnotes":""},"class_list":["post-6316","page","type-page","status-publish","hentry"],"mb":[],"acf":[],"mfb_rest_fields":["title"],"_links":{"self":[{"href":"https:\/\/maksvzw.org\/fr\/wp-json\/wp\/v2\/pages\/6316","targetHints":{"allow":["GET"]}}],"collection":[{"href":"https:\/\/maksvzw.org\/fr\/wp-json\/wp\/v2\/pages"}],"about":[{"href":"https:\/\/maksvzw.org\/fr\/wp-json\/wp\/v2\/types\/page"}],"author":[{"embeddable":true,"href":"https:\/\/maksvzw.org\/fr\/wp-json\/wp\/v2\/users\/4"}],"replies":[{"embeddable":true,"href":"https:\/\/maksvzw.org\/fr\/wp-json\/wp\/v2\/comments?post=6316"}],"version-history":[{"count":2,"href":"https:\/\/maksvzw.org\/fr\/wp-json\/wp\/v2\/pages\/6316\/revisions"}],"predecessor-version":[{"id":8036,"href":"https:\/\/maksvzw.org\/fr\/wp-json\/wp\/v2\/pages\/6316\/revisions\/8036"}],"wp:attachment":[{"href":"https:\/\/maksvzw.org\/fr\/wp-json\/wp\/v2\/media?parent=6316"}],"curies":[{"name":"wp","href":"https:\/\/api.w.org\/{rel}","templated":true}]}}